{"id":10746,"date":"2018-11-28T11:53:16","date_gmt":"2018-11-28T11:53:16","guid":{"rendered":"http:\/\/legishca3.edu-desarrollo.umh.es\/?page_id=9054"},"modified":"2018-12-05T15:54:23","modified_gmt":"2018-12-05T15:54:23","slug":"contacto-2","status":"publish","type":"page","link":"https:\/\/legishca.umh.es\/en\/contacto-2\/","title":{"rendered":"Contact"},"content":{"rendered":"[et_pb_section admin_label=&#8221;section&#8221; bb_built=&#8221;1&#8243; _builder_version=&#8221;3.10.1&#8243; background_color=&#8221;#ffffff&#8221; prev_background_color=&#8221;#ffffff&#8221; module_id=&#8221;contacto&#8221; module_class=&#8221;contacto&#8221; transparent_background=&#8221;off&#8221; allow_player_pause=&#8221;off&#8221; inner_shadow=&#8221;off&#8221; parallax=&#8221;off&#8221; parallax_method=&#8221;off&#8221; padding_mobile=&#8221;off&#8221; make_fullwidth=&#8221;off&#8221; use_custom_width=&#8221;off&#8221; width_unit=&#8221;on&#8221; make_equal=&#8221;off&#8221; use_custom_gutter=&#8221;off&#8221;][et_pb_row admin_label=&#8221;row&#8221; _builder_version=&#8221;3.10.1&#8243;][et_pb_column type=&#8221;4_4&#8243;][et_pb_text admin_label=&#8221;Texto&#8221; _builder_version=&#8221;3.10.1&#8243; background_layout=&#8221;light&#8221; text_orientation=&#8221;left&#8221; use_border_color=&#8221;off&#8221; border_color=&#8221;#ffffff&#8221; border_style=&#8221;solid&#8221;]\n<h1>Contact<\/h1>\n[\/et_pb_text][\/et_pb_column][\/et_pb_row][et_pb_row admin_label=&#8221;row&#8221; _builder_version=&#8221;3.0.48&#8243; background_size=&#8221;initial&#8221; background_position=&#8221;top_left&#8221; background_repeat=&#8221;repeat&#8221;][et_pb_column type=&#8221;1_2&#8243;][et_pb_text admin_label=&#8221;Texto&#8221; _builder_version=&#8221;3.10.1&#8243; custom_margin=&#8221;||10px|&#8221; background_layout=&#8221;light&#8221; text_orientation=&#8221;left&#8221; use_border_color=&#8221;off&#8221; border_color=&#8221;#ffffff&#8221; border_style=&#8221;solid&#8221;]\n<p><a href=\"mailto:legishca@goumh.umh.es\" target=\"_blank\" rel=\"noopener\"><img loading=\"lazy\" class=\"alignnone wp-image-207\" src=\"http:\/\/legishca3.edu-desarrollo.umh.es\/wp-content\/uploads\/sites\/236\/2018\/10\/gmail-300x217.png\" alt=\"\" width=\"25\" height=\"18\" \/><\/a>\u00a0\u00a0<a href=\"mailto:legishca@goumh.umh.es\" target=\"_blank\" rel=\"noopener\">legishca@goumh.umh.es<\/a><\/p>\n<p>Universidad Miguel Hern\u00e1ndez de Elche<br \/>\nEdif. Torrevaillo<br \/>\nAvda. de la Universidad, s\/n 03201<br \/>\nElche (Alicante) Espa\u00f1a<\/p>\n<p>Professors in charge of the project:<\/p>\n<ul>\n<li><a href=\"http:\/\/jperezjuan.edu.umh.es\/\" target=\"_blank\" rel=\"noopener\">Dr. Jos\u00e9 Antonio P\u00e9rez Juan<\/a><\/li>\n<li><a href=\"http:\/\/saramorenotejada.edu.umh.es\/\" target=\"_blank\" rel=\"noopener\">D\u00f1a. Sara Moreno Tejada<\/a><\/li>\n<\/ul>\n[\/et_pb_text][\/et_pb_column][et_pb_column type=&#8221;1_2&#8243;][et_pb_text admin_label=&#8221;Texto&#8221; _builder_version=&#8221;3.10.1&#8243; background_layout=&#8221;light&#8221; text_orientation=&#8221;left&#8221; use_border_color=&#8221;off&#8221; border_color=&#8221;#ffffff&#8221; border_style=&#8221;solid&#8221;]\n<p><iframe loading=\"lazy\" style=\"border: 0;\" src=\"https:\/\/www.google.com\/maps\/embed?pb=!1m18!1m12!1m3!1d3132.073689176769!2d-0.6919563184534883!3d38.27778463635699!2m3!1f0!2f0!3f0!3m2!1i1024!2i768!4f13.1!3m3!1m2!1s0xd63b66400baabb3%3A0xc23ef6ed4e41bd0d!2sEdificio+Torrevaillo+UMH!5e0!3m2!1ses!2ses!4v1540381253314\" width=\"500px\" height=\"300px\" frameborder=\"0\" allowfullscreen=\"allowfullscreen\"><\/iframe><\/p>\n[\/et_pb_text][\/et_pb_column][\/et_pb_row][\/et_pb_section]","protected":false},"excerpt":{"rendered":"<p>Contact \u00a0\u00a0legishca@goumh.umh.es Universidad Miguel Hern\u00e1ndez de Elche Edif. Torrevaillo Avda. de la Universidad, s\/n 03201 Elche (Alicante) Espa\u00f1a Professors in charge of the project: Dr. Jos\u00e9 Antonio P\u00e9rez Juan D\u00f1a. Sara Moreno Tejada<\/p>\n","protected":false},"author":6277,"featured_media":0,"parent":0,"menu_order":0,"comment_status":"closed","ping_status":"closed","template":"","meta":{"_et_pb_use_builder":"on","_et_pb_old_content":"","_et_gb_content_width":"","_links_to":"","_links_to_target":""},"_links":{"self":[{"href":"https:\/\/legishca.umh.es\/en\/wp-json\/wp\/v2\/pages\/10746"}],"collection":[{"href":"https:\/\/legishca.umh.es\/en\/wp-json\/wp\/v2\/pages"}],"about":[{"href":"https:\/\/legishca.umh.es\/en\/wp-json\/wp\/v2\/types\/page"}],"author":[{"embeddable":true,"href":"https:\/\/legishca.umh.es\/en\/wp-json\/wp\/v2\/users\/6277"}],"replies":[{"embeddable":true,"href":"https:\/\/legishca.umh.es\/en\/wp-json\/wp\/v2\/comments?post=10746"}],"version-history":[{"count":0,"href":"https:\/\/legishca.umh.es\/en\/wp-json\/wp\/v2\/pages\/10746\/revisions"}],"wp:attachment":[{"href":"https:\/\/legishca.umh.es\/en\/wp-json\/wp\/v2\/media?parent=10746"}],"curies":[{"name":"wp","href":"https:\/\/api.w.org\/{rel}","templated":true}]}}