{"id":10742,"date":"2018-11-16T12:53:15","date_gmt":"2018-11-16T12:53:15","guid":{"rendered":"http:\/\/legishca3.edu-desarrollo.umh.es\/?page_id=8892"},"modified":"2018-11-30T10:59:35","modified_gmt":"2018-11-30T10:59:35","slug":"buscadores-de-legislacion","status":"publish","type":"page","link":"https:\/\/legishca.umh.es\/en\/buscadores-de-legislacion\/","title":{"rendered":"Legislation Internet browser"},"content":{"rendered":"[et_pb_section bb_built=&#8221;1&#8243;][et_pb_row][et_pb_column type=&#8221;4_4&#8243;][et_pb_text _builder_version=&#8221;3.10.1&#8243;]\n<h1>Legislation Internet browser<\/h1>\n[\/et_pb_text][\/et_pb_column][\/et_pb_row][et_pb_row][et_pb_column type=&#8221;4_4&#8243;][et_pb_text _builder_version=&#8221;3.10.1&#8243;]\n<ul>\n<li><strong><a href=\"http:\/\/www.boe.es\/legislacion\/gazeta.php\" target=\"_blank\" rel=\"noopener\">Gaceta Hist\u00f3rica<\/a><\/strong><\/li>\n<\/ul>\n<p>BOE\u2019s Web browser\u00a0in which are collected\u00a0\u00a0published volumes of the Gazeta de Madrid since 1661 till 1967.<\/p>\n<ul>\n<li><strong><a href=\"http:\/\/www.mcu.es\/archivos\/lhe\/\" target=\"_blank\" rel=\"noopener\">Legislaci\u00f3n Hist\u00f3rica de Espa\u00f1a<\/a><\/strong><\/li>\n<\/ul>\n<p>Enacted rules in the peninsular and overseas territories since the 10th century until the reign of Isabel II.<\/p>\n[\/et_pb_text][\/et_pb_column][\/et_pb_row][\/et_pb_section]","protected":false},"excerpt":{"rendered":"<p><div class=\"et_pb_row et_pb_row_0 et_pb_row_empty\">\n\t\t\t\t\n\t\t\t\t\n\t\t\t\t\n\t\t\t\t\n\t\t\t\t\n\t\t\t<\/div> Legislation Internet browser <div class=\"et_pb_row et_pb_row_1 et_pb_row_empty\">\n\t\t\t\t\n\t\t\t\t\n\t\t\t\t\n\t\t\t\t\n\t\t\t\t\n\t\t\t<\/div> Gaceta Hist\u00f3rica BOE\u2019s Web browser\u00a0in which are collected\u00a0\u00a0published volumes of the Gazeta de Madrid since 1661 till 1967. Legislaci\u00f3n Hist\u00f3rica de Espa\u00f1a Enacted rules in the peninsular and overseas territories since the 10th century until the reign of Isabel II.<\/p>\n","protected":false},"author":6277,"featured_media":0,"parent":0,"menu_order":0,"comment_status":"closed","ping_status":"closed","template":"","meta":{"_et_pb_use_builder":"on","_et_pb_old_content":"<ul>\r\n\t<li><strong><a href=\"http:\/\/www.boe.es\/legislacion\/gazeta.php\">Gaceta Hist\u00f3rica<\/a><\/strong><\/li>\r\n<\/ul>\r\nBuscador del BOE en el que se recogen los n\u00fameros publiados de la Gazeta de Madrid desde 1661 a 1967\r\n<ul>\r\n\t<li><strong><a href=\"http:\/\/www.mcu.es\/archivos\/lhe\/\">Legislaci\u00f3n Hist\u00f3rica de Espa\u00f1a<\/a><\/strong><\/li>\r\n<\/ul>\r\nNormas promulgadas en los territorios peninsulares y de Ultramar desde el s.X hasta el reinado de Isa","_et_gb_content_width":"","_links_to":"","_links_to_target":""},"_links":{"self":[{"href":"https:\/\/legishca.umh.es\/en\/wp-json\/wp\/v2\/pages\/10742"}],"collection":[{"href":"https:\/\/legishca.umh.es\/en\/wp-json\/wp\/v2\/pages"}],"about":[{"href":"https:\/\/legishca.umh.es\/en\/wp-json\/wp\/v2\/types\/page"}],"author":[{"embeddable":true,"href":"https:\/\/legishca.umh.es\/en\/wp-json\/wp\/v2\/users\/6277"}],"replies":[{"embeddable":true,"href":"https:\/\/legishca.umh.es\/en\/wp-json\/wp\/v2\/comments?post=10742"}],"version-history":[{"count":0,"href":"https:\/\/legishca.umh.es\/en\/wp-json\/wp\/v2\/pages\/10742\/revisions"}],"wp:attachment":[{"href":"https:\/\/legishca.umh.es\/en\/wp-json\/wp\/v2\/media?parent=10742"}],"curies":[{"name":"wp","href":"https:\/\/api.w.org\/{rel}","templated":true}]}}